{"id":102,"date":"2023-05-21T22:57:57","date_gmt":"2023-05-21T20:57:57","guid":{"rendered":"https:\/\/7artillustration.fr\/?page_id=102"},"modified":"2023-08-11T16:14:16","modified_gmt":"2023-08-11T14:14:16","slug":"a-propos","status":"publish","type":"page","link":"https:\/\/7artillustration.fr\/?page_id=102","title":{"rendered":"A Propos"},"content":{"rendered":"<div class=\"wp-block-image is-style-rounded\">\n<figure class=\"aligncenter size-large is-resized\"><img decoding=\"async\" loading=\"lazy\" src=\"https:\/\/7artillustration.fr\/wp-content\/uploads\/2023\/08\/4_5-12555-682x1024.jpg\" alt=\"\" class=\"wp-image-316\" width=\"341\" height=\"512\" srcset=\"https:\/\/7artillustration.fr\/wp-content\/uploads\/2023\/08\/4_5-12555-682x1024.jpg 682w, https:\/\/7artillustration.fr\/wp-content\/uploads\/2023\/08\/4_5-12555-200x300.jpg 200w, https:\/\/7artillustration.fr\/wp-content\/uploads\/2023\/08\/4_5-12555-768x1153.jpg 768w, https:\/\/7artillustration.fr\/wp-content\/uploads\/2023\/08\/4_5-12555-1023x1536.jpg 1023w, https:\/\/7artillustration.fr\/wp-content\/uploads\/2023\/08\/4_5-12555.jpg 1066w\" sizes=\"(max-width: 341px) 100vw, 341px\" \/><\/figure><\/div>\n\n\n<div style=\"height:100px\" aria-hidden=\"true\" class=\"wp-block-spacer\"><\/div>\n\n\n\n<p>Laissez moi vous en dire un peu plus sur 7ART (qui se prononce \u00ab Seven-Art \u00bb, \u00e7a sonne beaucoup moins bien sinon)\u2026 <br>7ART, c&rsquo;est avant tout Nans, petit artiste du Sud de la France \u2600<br>7ART, c&rsquo;est aussi le modeste travail d&rsquo;un passionn\u00e9 de dessin, tant\u00f4t les yeux riv\u00e9s vers sa toile, tant\u00f4t la t\u00eate dans les nuages&#8230; <\/p>\n\n\n\n<div style=\"height:100px\" aria-hidden=\"true\" class=\"wp-block-spacer\"><\/div>\n\n\n\n<p>Outre le fait que le 7 soit mon chiffre \u00ab f\u00e9tiche \u00bb, il m\u2019\u00e9voque surtout beaucoup d\u2019autres choses: la force tranquille, la pr\u00e9cision, le 7\u00e8me Art (le cin\u00e9ma et sa richesse visuelle), les 7 Merveilles Antiques (et l\u2019influence artistique des anciennes civilisations)\u2026 en bref c\u2019est un chiffre qui m\u2019inspire! <br>Et d\u2019ailleurs, c\u2019est apr\u00e8s 7 ans de carri\u00e8re dans l\u2019a\u00e9ronautique que je me suis engag\u00e9 sur cette voie artistique\u2026 co\u00efncidence?? \ud83e\udd37\ud83c\udffb\u200d\u2642\ufe0f (oui, totalement\u2026 \ud83d\ude02)<\/p>\n\n\n\n<div style=\"height:100px\" aria-hidden=\"true\" class=\"wp-block-spacer\"><\/div>\n\n\n\n<p>Et 7ART c&rsquo;est aussi et surtout les domaines d&rsquo;activit\u00e9 suivants&#8230;<\/p>\n\n\n\n<p><em>\u270d\ufe0f Illustration de livres \ud83d\udcda (de la couverture aux livres illustr\u00e9s!)<br>\u270d\ufe0f Illustration de jeux \ud83c\udfb2 (jeux de cartes, jeux de plateau,\u2026 des personnages aux univers)<br>\u270d\ufe0f Cr\u00e9ation d\u2019\u00e9cussons \/ logos \ud83d\udee1\ufe0f<br>\u270d\ufe0f Affiches \/ Ev\u00e8nements<br>\u270d\ufe0f Illustrations personnalis\u00e9es (vous voulez un portrait, une sc\u00e8ne, un souvenir de vacances sous la forme d\u2019un dessin enti\u00e8rement personnalis\u00e9 pour vous ou pour offrir? venez m\u2019en parler!)<br>\u270d\ufe0f Vente de prints de mes illustrations personnelles (peindre ma r\u00e9gion, l\u2019Histoire, la nature, les voyages\u2026 tout un tas d\u2019id\u00e9es disponibles sur ce site sous forme de posters, cartes postales \u2026 dans la rubrique \u00ab Vente de Prints \u00bb)<\/em><\/p>\n\n\n\n<div style=\"height:100px\" aria-hidden=\"true\" class=\"wp-block-spacer\"><\/div>\n\n\n\n<p><br>C&rsquo;est donc mon projet cr\u00e9atif, mon nom d\u2019artiste, ma petite entreprise !<\/p>\n\n\n\n<p>C\u2019est aussi un moyen de mettre en forme mes passions et ma perception du monde; de l\u2019Aviation \u00e0 l\u2019Histoire, en passant par le Voyage et la Nature \ud83c\udf43<\/p>\n\n\n\n<p>Vous avez un projet cr\u00e9atif \u00e0 me confier? Vous voulez en savoir plus sur mon travail ou simplement \u00e9changer sur une \u00e9ventuelle collaboration? N\u2019h\u00e9sitez pas \u00e0 me contacter! (-&gt; rubrique \u00ab Contact \u00bb)<\/p>\n\n\n\n<div style=\"height:100px\" aria-hidden=\"true\" class=\"wp-block-spacer\"><\/div>\n\n\n\n<blockquote class=\"wp-block-quote\">\n<p><\/p>\n\n\n\n<p><em>Fort de mon exp\u00e9rience technique et de mes ann\u00e9es de pratique du dessin en autodidacte, je me suis \u00e9galement form\u00e9 au Digital Painting. J\u2019utilise principalement Photoshop et ma tablette XP-PEN 15.6 Pro (sans jamais m\u2019\u00e9loigner trop longtemps de mon carnet de croquis !!).<\/em> <br>Je suis aussi un grand amateur de Bande Dessin\u00e9e et de Jeux de soci\u00e9t\u00e9 \ud83c\udfb2<\/p>\n<\/blockquote>\n\n\n\n<p>Photos r\u00e9alis\u00e9es par Julie Harreau (https:\/\/www.instagram.com\/julie_harreau\/)<\/p>\n","protected":false},"excerpt":{"rendered":"<p>Laissez moi vous en dire un peu plus sur 7ART (qui se prononce \u00ab Seven-Art \u00bb, \u00e7a sonne beaucoup moins bien sinon)\u2026 7ART, c&rsquo;est avant tout Nans, petit artiste du Sud de la France \u26007ART, c&rsquo;est aussi le modeste travail d&rsquo;un passionn\u00e9 de dessin, tant\u00f4t les yeux riv\u00e9s vers sa [&hellip;]<\/p>\n","protected":false},"author":1,"featured_media":172,"parent":0,"menu_order":0,"comment_status":"closed","ping_status":"closed","template":"","meta":[],"_links":{"self":[{"href":"https:\/\/7artillustration.fr\/index.php?rest_route=\/wp\/v2\/pages\/102"}],"collection":[{"href":"https:\/\/7artillustration.fr\/index.php?rest_route=\/wp\/v2\/pages"}],"about":[{"href":"https:\/\/7artillustration.fr\/index.php?rest_route=\/wp\/v2\/types\/page"}],"author":[{"embeddable":true,"href":"https:\/\/7artillustration.fr\/index.php?rest_route=\/wp\/v2\/users\/1"}],"replies":[{"embeddable":true,"href":"https:\/\/7artillustration.fr\/index.php?rest_route=%2Fwp%2Fv2%2Fcomments&post=102"}],"version-history":[{"count":13,"href":"https:\/\/7artillustration.fr\/index.php?rest_route=\/wp\/v2\/pages\/102\/revisions"}],"predecessor-version":[{"id":336,"href":"https:\/\/7artillustration.fr\/index.php?rest_route=\/wp\/v2\/pages\/102\/revisions\/336"}],"wp:featuredmedia":[{"embeddable":true,"href":"https:\/\/7artillustration.fr\/index.php?rest_route=\/wp\/v2\/media\/172"}],"wp:attachment":[{"href":"https:\/\/7artillustration.fr\/index.php?rest_route=%2Fwp%2Fv2%2Fmedia&parent=102"}],"curies":[{"name":"wp","href":"https:\/\/api.w.org\/{rel}","templated":true}]}}