{"id":105,"date":"2023-05-21T22:58:04","date_gmt":"2023-05-21T20:58:04","guid":{"rendered":"https:\/\/7artillustration.fr\/?page_id=105"},"modified":"2023-08-11T16:08:53","modified_gmt":"2023-08-11T14:08:53","slug":"vente-de-prints","status":"publish","type":"page","link":"https:\/\/7artillustration.fr\/?page_id=105","title":{"rendered":"Vente de Prints"},"content":{"rendered":"\n<p>Ici vous trouverez l\u2019ensemble de mes illustrations disponibles \u00e0 la vente sous diff\u00e9rents formats !<\/p>\n\n\n\n<p>Je mets \u00e0 jour r\u00e9guli\u00e8rement les illustrations disponibles \u00e0 la vente au fil de mes cr\u00e9ations, alors n&rsquo;h\u00e9sitez pas \u00e0 revenir de temps en temps !! (ou \u00e0 suivre mes annonces sur Instagram)<br><br>Une fois votre ou vos choix effectu\u00e9s, contactez-moi pour passer la commande (-> rubrique \u00ab Contact \u00bb) en pr\u00e9cisant la ou les r\u00e9f\u00e9rences, le format et le nombre d\u2019illustrations que vous avez choisies.<\/p>\n\n\n\n<div style=\"height:100px\" aria-hidden=\"true\" class=\"wp-block-spacer\"><\/div>\n\n\n\n<blockquote class=\"wp-block-quote\">\n<p>La commande sera envoy\u00e9e par voie postale dans un d\u00e9lais de 2 \u00e0 3 jours ouvr\u00e9s apr\u00e8s \u00e9mission de la facture et r\u00e9ception du paiement.<br>Les frais de livraisons sont inclus dans le tarif indiqu\u00e9 (sauf pour des envois hors UE).<\/p>\n\n\n\n<p>Note : les aper\u00e7us des illustrations contiennent un filigrane pour \u00e9viter qu&rsquo;elles soient copi\u00e9es \/ vol\u00e9es. Il ne sera \u00e9videmment pas sur la version finale.<\/p>\n<\/blockquote>\n\n\n\n<div style=\"height:100px\" aria-hidden=\"true\" class=\"wp-block-spacer\"><\/div>\n\n\n\n<p>Vous retrouverez les illustrations class\u00e9es par cat\u00e9gories :<\/p>\n\n\n\n<div class=\"wp-block-buttons is-content-justification-center is-layout-flex wp-container-1\">\n<div class=\"wp-block-button\"><a class=\"wp-block-button__link has-background-color-background-color has-background wp-element-button\" href=\"https:\/\/7artillustration.fr\/?page_id=150\">AVIATION<\/a><\/div>\n\n\n\n<div class=\"wp-block-button\"><a class=\"wp-block-button__link has-background-color-background-color has-background wp-element-button\" href=\"https:\/\/7artillustration.fr\/?page_id=140\">TRAVEL<\/a><\/div>\n\n\n\n<div class=\"wp-block-button\"><a class=\"wp-block-button__link has-background-color-background-color has-background wp-element-button\" href=\"https:\/\/7artillustration.fr\/?page_id=157\">ADVENTURE<\/a><\/div>\n<\/div>\n\n\n\n<div style=\"height:100px\" aria-hidden=\"true\" class=\"wp-block-spacer\"><\/div>\n\n\n\n<p><\/p>\n","protected":false},"excerpt":{"rendered":"<p>Ici vous trouverez l\u2019ensemble de mes illustrations disponibles \u00e0 la vente sous diff\u00e9rents formats ! Je mets \u00e0 jour r\u00e9guli\u00e8rement les illustrations disponibles \u00e0 la vente au fil de mes cr\u00e9ations, alors n&rsquo;h\u00e9sitez pas \u00e0 revenir de temps en temps !! (ou \u00e0 suivre mes annonces sur Instagram) Une fois [&hellip;]<\/p>\n","protected":false},"author":1,"featured_media":106,"parent":0,"menu_order":0,"comment_status":"closed","ping_status":"closed","template":"","meta":[],"_links":{"self":[{"href":"https:\/\/7artillustration.fr\/index.php?rest_route=\/wp\/v2\/pages\/105"}],"collection":[{"href":"https:\/\/7artillustration.fr\/index.php?rest_route=\/wp\/v2\/pages"}],"about":[{"href":"https:\/\/7artillustration.fr\/index.php?rest_route=\/wp\/v2\/types\/page"}],"author":[{"embeddable":true,"href":"https:\/\/7artillustration.fr\/index.php?rest_route=\/wp\/v2\/users\/1"}],"replies":[{"embeddable":true,"href":"https:\/\/7artillustration.fr\/index.php?rest_route=%2Fwp%2Fv2%2Fcomments&post=105"}],"version-history":[{"count":8,"href":"https:\/\/7artillustration.fr\/index.php?rest_route=\/wp\/v2\/pages\/105\/revisions"}],"predecessor-version":[{"id":333,"href":"https:\/\/7artillustration.fr\/index.php?rest_route=\/wp\/v2\/pages\/105\/revisions\/333"}],"wp:featuredmedia":[{"embeddable":true,"href":"https:\/\/7artillustration.fr\/index.php?rest_route=\/wp\/v2\/media\/106"}],"wp:attachment":[{"href":"https:\/\/7artillustration.fr\/index.php?rest_route=%2Fwp%2Fv2%2Fmedia&parent=105"}],"curies":[{"name":"wp","href":"https:\/\/api.w.org\/{rel}","templated":true}]}}