{"id":111,"date":"2023-05-21T22:58:17","date_gmt":"2023-05-21T20:58:17","guid":{"rendered":"https:\/\/7artillustration.fr\/?page_id=111"},"modified":"2023-08-11T16:11:39","modified_gmt":"2023-08-11T14:11:39","slug":"contact","status":"publish","type":"page","link":"https:\/\/7artillustration.fr\/?page_id=111","title":{"rendered":"Contact"},"content":{"rendered":"\n<p>Pour toute demande concernant un projet \u00e0 me soumettre, une commande \u00e0 effectuer ou pour toute information suppl\u00e9mentaire, remplissez le formulaire de contact ci-dessous.<\/p>\n\n\n\n<p>Vous pouvez \u00e9galement me contacter directement par mail : <strong>7art.illustration@gmail.com<\/strong><\/p>\n\n\n\n<p>ou sur Instagram en Message Priv\u00e9<\/p>\n\n\n\n<div style=\"height:100px\" aria-hidden=\"true\" class=\"wp-block-spacer\"><\/div>\n\n\n<style id=\"wpforms-css-vars-root\">\n\t\t\t\t:root {\n\t\t\t\t\t--wpforms-field-border-radius: 3px;\n--wpforms-field-background-color: #ffffff;\n--wpforms-field-border-color: rgba( 0, 0, 0, 0.25 );\n--wpforms-field-text-color: rgba( 0, 0, 0, 0.7 );\n--wpforms-label-color: rgba( 0, 0, 0, 0.85 );\n--wpforms-label-sublabel-color: rgba( 0, 0, 0, 0.55 );\n--wpforms-label-error-color: #d63637;\n--wpforms-button-border-radius: 3px;\n--wpforms-button-background-color: #066aab;\n--wpforms-button-text-color: #ffffff;\n--wpforms-page-break-color: #066aab;\n--wpforms-field-size-input-height: 43px;\n--wpforms-field-size-input-spacing: 15px;\n--wpforms-field-size-font-size: 16px;\n--wpforms-field-size-line-height: 19px;\n--wpforms-field-size-padding-h: 14px;\n--wpforms-field-size-checkbox-size: 16px;\n--wpforms-field-size-sublabel-spacing: 5px;\n--wpforms-field-size-icon-size: 1;\n--wpforms-label-size-font-size: 16px;\n--wpforms-label-size-line-height: 19px;\n--wpforms-label-size-sublabel-font-size: 14px;\n--wpforms-label-size-sublabel-line-height: 17px;\n--wpforms-button-size-font-size: 17px;\n--wpforms-button-size-height: 41px;\n--wpforms-button-size-padding-h: 15px;\n--wpforms-button-size-margin-top: 10px;\n\n\t\t\t\t}\n\t\t\t<\/style><style id=\"wpforms-css-vars-184-block-d205efbf-0a48-4540-87a3-e9c55181ed7c\">\n\t\t\t\t#wpforms-184.wpforms-block-d205efbf-0a48-4540-87a3-e9c55181ed7c {\n\t\t\t\t\t--wpforms-field-border-radius: 5px;\n--wpforms-field-border-color: #cc994d;\n--wpforms-field-text-color: #000000;\n--wpforms-label-color: #c27c36;\n--wpforms-button-background-color: #cc994d;\n\n\t\t\t\t}\n\t\t\t<\/style><div class=\"wpforms-container wpforms-container-full wpforms-block wpforms-block-d205efbf-0a48-4540-87a3-e9c55181ed7c wpforms-render-modern\" id=\"wpforms-184\"><form id=\"wpforms-form-184\" class=\"wpforms-validate wpforms-form wpforms-ajax-form\" data-formid=\"184\" method=\"post\" enctype=\"multipart\/form-data\" action=\"\/index.php?rest_route=%2Fwp%2Fv2%2Fpages%2F111\" data-token=\"03074351ea0d624ec96aeded4a16f8fd\"><noscript class=\"wpforms-error-noscript\">Veuillez activer JavaScript dans votre navigateur pour remplir ce formulaire.<\/noscript><div class=\"wpforms-hidden\" id=\"wpforms-error-noscript\">Veuillez activer JavaScript dans votre navigateur pour remplir ce formulaire.<\/div><div class=\"wpforms-field-container\"><div id=\"wpforms-184-field_10-container\" class=\"wpforms-field wpforms-field-radio\" data-field-id=\"10\"><fieldset><legend class=\"wpforms-field-label\">Sujet<\/legend><ul id=\"wpforms-184-field_10\"><li class=\"choice-1 depth-1\"><input type=\"radio\" id=\"wpforms-184-field_10_1\" name=\"wpforms[fields][10]\" value=\"Commande d&#039;illustration (print)\" aria-errormessage=\"wpforms-184-field_10_1-error\"  ><label class=\"wpforms-field-label-inline\" for=\"wpforms-184-field_10_1\">Commande d&rsquo;illustration (print)<\/label><\/li><li class=\"choice-4 depth-1\"><input type=\"radio\" id=\"wpforms-184-field_10_4\" name=\"wpforms[fields][10]\" value=\"Demande d&#039;illustration personnalis\u00e9e\" aria-errormessage=\"wpforms-184-field_10_4-error\"  ><label class=\"wpforms-field-label-inline\" for=\"wpforms-184-field_10_4\">Demande d&rsquo;illustration personnalis\u00e9e<\/label><\/li><li class=\"choice-2 depth-1\"><input type=\"radio\" id=\"wpforms-184-field_10_2\" name=\"wpforms[fields][10]\" value=\"Demande d&#039;information(s)\" aria-errormessage=\"wpforms-184-field_10_2-error\"  ><label class=\"wpforms-field-label-inline\" for=\"wpforms-184-field_10_2\">Demande d&rsquo;information(s)<\/label><\/li><li class=\"choice-3 depth-1\"><input type=\"radio\" id=\"wpforms-184-field_10_3\" name=\"wpforms[fields][10]\" value=\"Proposition de projet\" aria-errormessage=\"wpforms-184-field_10_3-error\"  ><label class=\"wpforms-field-label-inline\" for=\"wpforms-184-field_10_3\">Proposition de projet<\/label><\/li><\/ul><\/fieldset><\/div><div id=\"wpforms-184-field_1-container\" class=\"wpforms-field wpforms-field-name\" data-field-id=\"1\"><label class=\"wpforms-field-label\" for=\"wpforms-184-field_1\">Nom <span class=\"wpforms-required-label\" aria-hidden=\"true\">*<\/span><\/label><input type=\"text\" id=\"wpforms-184-field_1\" class=\"wpforms-field-medium wpforms-field-required\" name=\"wpforms[fields][1]\" aria-errormessage=\"wpforms-184-field_1-error\" required><\/div><div id=\"wpforms-184-field_9-container\" class=\"wpforms-field wpforms-field-text\" data-field-id=\"9\"><label class=\"wpforms-field-label\" for=\"wpforms-184-field_9\">Nom d&#039;entreprise<\/label><input type=\"text\" id=\"wpforms-184-field_9\" class=\"wpforms-field-medium\" name=\"wpforms[fields][9]\" aria-errormessage=\"wpforms-184-field_9-error\" aria-describedby=\"wpforms-184-field_9-description\" ><div id=\"wpforms-184-field_9-description\" class=\"wpforms-field-description\">(facultatif)<\/div><\/div><div id=\"wpforms-184-field_2-container\" class=\"wpforms-field wpforms-field-email\" data-field-id=\"2\"><label class=\"wpforms-field-label\" for=\"wpforms-184-field_2\">E-mail <span class=\"wpforms-required-label\" aria-hidden=\"true\">*<\/span><\/label><input type=\"email\" id=\"wpforms-184-field_2\" class=\"wpforms-field-medium wpforms-field-required\" name=\"wpforms[fields][2]\" spellcheck=\"false\" aria-errormessage=\"wpforms-184-field_2-error\" required><\/div><div id=\"wpforms-184-field_7-container\" class=\"wpforms-field wpforms-field-text\" data-field-id=\"7\"><label class=\"wpforms-field-label\" for=\"wpforms-184-field_7\">T\u00e9l\u00e9phone<\/label><input type=\"text\" id=\"wpforms-184-field_7\" class=\"wpforms-field-medium\" name=\"wpforms[fields][7]\" aria-errormessage=\"wpforms-184-field_7-error\" aria-describedby=\"wpforms-184-field_7-description\" ><div id=\"wpforms-184-field_7-description\" class=\"wpforms-field-description\">(facultatif)<\/div><\/div><div id=\"wpforms-184-field_4-container\" class=\"wpforms-field wpforms-field-textarea\" data-field-id=\"4\"><label class=\"wpforms-field-label\" for=\"wpforms-184-field_4\">Commande \/ Objet de la demande <span class=\"wpforms-required-label\" aria-hidden=\"true\">*<\/span><\/label><textarea id=\"wpforms-184-field_4\" class=\"wpforms-field-medium wpforms-field-required\" name=\"wpforms[fields][4]\" aria-errormessage=\"wpforms-184-field_4-error\" aria-describedby=\"wpforms-184-field_4-description\" required><\/textarea><div id=\"wpforms-184-field_4-description\" class=\"wpforms-field-description\">Pour une commande: renseignez ici les noms, formats et le nombre d&rsquo;illustrations souhait\u00e9es<\/div><\/div><div id=\"wpforms-184-field_5-container\" class=\"wpforms-field wpforms-field-text\" data-field-id=\"5\"><label class=\"wpforms-field-label\" for=\"wpforms-184-field_5\">Adresse de Livraison<\/label><input type=\"text\" id=\"wpforms-184-field_5\" class=\"wpforms-field-medium\" name=\"wpforms[fields][5]\" aria-errormessage=\"wpforms-184-field_5-error\" ><\/div><div id=\"wpforms-184-field_6-container\" class=\"wpforms-field wpforms-field-text\" data-field-id=\"6\"><label class=\"wpforms-field-label\" for=\"wpforms-184-field_6\">Adresse de Facturation<\/label><input type=\"text\" id=\"wpforms-184-field_6\" class=\"wpforms-field-medium\" name=\"wpforms[fields][6]\" aria-errormessage=\"wpforms-184-field_6-error\" aria-describedby=\"wpforms-184-field_6-description\" ><div id=\"wpforms-184-field_6-description\" class=\"wpforms-field-description\">(si diff\u00e9rente de l&rsquo;adresse de livraison)<\/div><\/div><div id=\"wpforms-184-field_8-container\" class=\"wpforms-field wpforms-field-textarea\" data-field-id=\"8\"><label class=\"wpforms-field-label\" for=\"wpforms-184-field_8\">Commentaire(s)<\/label><textarea id=\"wpforms-184-field_8\" class=\"wpforms-field-medium\" name=\"wpforms[fields][8]\" aria-errormessage=\"wpforms-184-field_8-error\" aria-describedby=\"wpforms-184-field_8-description\" ><\/textarea><div id=\"wpforms-184-field_8-description\" class=\"wpforms-field-description\">(si vous avez une demande particuli\u00e8re ou une pr\u00e9cision \u00e0 apporter, notez-la ici)<\/div><\/div><\/div><!-- .wpforms-field-container --><div class=\"wpforms-submit-container\" ><input type=\"hidden\" name=\"wpforms[id]\" value=\"184\"><input type=\"hidden\" name=\"wpforms[author]\" value=\"1\"><button type=\"submit\" name=\"wpforms[submit]\" id=\"wpforms-submit-184\" class=\"wpforms-submit\" data-alt-text=\"Envoi...\" data-submit-text=\"Envoyer\" aria-live=\"assertive\" value=\"wpforms-submit\">Envoyer<\/button><img decoding=\"async\" loading=\"lazy\" src=\"https:\/\/7artillustration.fr\/wp-content\/plugins\/wpforms-lite\/assets\/images\/submit-spin.svg\" class=\"wpforms-submit-spinner\" style=\"display: none;\" width=\"26\" height=\"26\" alt=\"Chargement en cours\"><\/div><\/form><\/div>  <!-- .wpforms-container -->\n\n\n<p>Pour suivre mon travail ou me contacter via les r\u00e9seaux, abonnez-vous:<\/p>\n\n\n\n<p>\u2013 sur Instagram : https:\/\/www.instagram.com\/7art_fns\/<br>\u2013 sur LinkedIn : https:\/\/www.linkedin.com\/in\/7art-illustration-23a803a7\/<br>\u2013 sur Artstation : https:\/\/www.artstation.com\/user-293622<\/p>\n\n\n\n<div style=\"height:100px\" aria-hidden=\"true\" class=\"wp-block-spacer\"><\/div>\n","protected":false},"excerpt":{"rendered":"<p>Pour toute demande concernant un projet \u00e0 me soumettre, une commande \u00e0 effectuer ou pour toute information suppl\u00e9mentaire, remplissez le formulaire de contact ci-dessous. Vous pouvez \u00e9galement me contacter directement par mail : 7art.illustration@gmail.com ou sur Instagram en Message Priv\u00e9 Pour suivre mon travail ou me contacter via les r\u00e9seaux, [&hellip;]<\/p>\n","protected":false},"author":1,"featured_media":0,"parent":0,"menu_order":0,"comment_status":"closed","ping_status":"closed","template":"","meta":[],"_links":{"self":[{"href":"https:\/\/7artillustration.fr\/index.php?rest_route=\/wp\/v2\/pages\/111"}],"collection":[{"href":"https:\/\/7artillustration.fr\/index.php?rest_route=\/wp\/v2\/pages"}],"about":[{"href":"https:\/\/7artillustration.fr\/index.php?rest_route=\/wp\/v2\/types\/page"}],"author":[{"embeddable":true,"href":"https:\/\/7artillustration.fr\/index.php?rest_route=\/wp\/v2\/users\/1"}],"replies":[{"embeddable":true,"href":"https:\/\/7artillustration.fr\/index.php?rest_route=%2Fwp%2Fv2%2Fcomments&post=111"}],"version-history":[{"count":9,"href":"https:\/\/7artillustration.fr\/index.php?rest_route=\/wp\/v2\/pages\/111\/revisions"}],"predecessor-version":[{"id":334,"href":"https:\/\/7artillustration.fr\/index.php?rest_route=\/wp\/v2\/pages\/111\/revisions\/334"}],"wp:attachment":[{"href":"https:\/\/7artillustration.fr\/index.php?rest_route=%2Fwp%2Fv2%2Fmedia&parent=111"}],"curies":[{"name":"wp","href":"https:\/\/api.w.org\/{rel}","templated":true}]}}