{"id":140,"date":"2023-05-21T23:24:53","date_gmt":"2023-05-21T21:24:53","guid":{"rendered":"https:\/\/7artillustration.fr\/?page_id=140"},"modified":"2023-08-15T15:17:47","modified_gmt":"2023-08-15T13:17:47","slug":"travel-series-%f0%9f%8c%8d","status":"publish","type":"page","link":"https:\/\/7artillustration.fr\/?page_id=140","title":{"rendered":"TRAVEL Series \ud83c\udf0d"},"content":{"rendered":"\n<p>Des illustrations qui donnent envie de voyager et d\u00e9couvrir nos r\u00e9gions et le Monde ! <\/p>\n\n\n\n<p><\/p>\n\n\n\n<p>Une fois votre ou vos choix effectu\u00e9s, contactez-moi pour passer la commande (-&gt; rubrique \u00ab Contact \u00bb) en pr\u00e9cisant la ou les r\u00e9f\u00e9rences, le format et le nombre d\u2019illustrations que vous avez choisies.<\/p>\n\n\n\n<blockquote class=\"wp-block-quote\">\n<p>La commande sera envoy\u00e9e par voie postale dans un d\u00e9lais de 2 \u00e0 3 jours ouvr\u00e9s apr\u00e8s \u00e9mission de la facture et r\u00e9ception du paiement.<br>Les frais de livraisons sont inclus dans le tarif indiqu\u00e9 (sauf pour des envois hors UE).<\/p>\n\n\n\n<p>Note : les aper\u00e7us des illustrations contiennent un filigrane pour \u00e9viter qu&rsquo;elles soient copi\u00e9es \/ vol\u00e9es. Il ne sera \u00e9videmment pas sur la version finale.<\/p>\n<\/blockquote>\n\n\n\n<div style=\"height:100px\" aria-hidden=\"true\" class=\"wp-block-spacer\"><\/div>\n\n\n\n<h1 class=\"wp-block-heading\"><strong>Pays Varois<\/strong> <strong><em>(Marque &#8211; Pages)<\/em><\/strong><\/h1>\n\n\n\n<div class=\"wp-block-columns alignwide are-vertically-aligned-top is-layout-flex wp-container-12\">\n<div class=\"wp-block-column is-vertically-aligned-top is-layout-flow\">\n<div class=\"wp-block-group wp-container-content-2 is-vertical is-content-justification-left is-nowrap is-layout-flex wp-container-3\" style=\"margin-top:0;margin-bottom:0\">\n<div class=\"wp-block-group is-vertical is-nowrap is-layout-flex wp-container-1\">\n<figure class=\"wp-block-image size-large\"><img decoding=\"async\" loading=\"lazy\" width=\"1024\" height=\"1024\" src=\"http:\/\/7artillustration.fr\/wp-content\/uploads\/2023\/05\/348355222_265214886030959_1767842888051525206_n-1-1024x1024.jpg\" alt=\"\" class=\"wp-image-229\" srcset=\"https:\/\/7artillustration.fr\/wp-content\/uploads\/2023\/05\/348355222_265214886030959_1767842888051525206_n-1-1024x1024.jpg 1024w, https:\/\/7artillustration.fr\/wp-content\/uploads\/2023\/05\/348355222_265214886030959_1767842888051525206_n-1-300x300.jpg 300w, https:\/\/7artillustration.fr\/wp-content\/uploads\/2023\/05\/348355222_265214886030959_1767842888051525206_n-1-150x150.jpg 150w, https:\/\/7artillustration.fr\/wp-content\/uploads\/2023\/05\/348355222_265214886030959_1767842888051525206_n-1-768x768.jpg 768w, https:\/\/7artillustration.fr\/wp-content\/uploads\/2023\/05\/348355222_265214886030959_1767842888051525206_n-1-1536x1536.jpg 1536w, https:\/\/7artillustration.fr\/wp-content\/uploads\/2023\/05\/348355222_265214886030959_1767842888051525206_n-1-2048x2048.jpg 2048w\" sizes=\"(max-width: 1024px) 100vw, 1024px\" \/><\/figure>\n\n\n\n<p class=\"has-medium-font-size\"><strong>Marque-pages Made in Toulon<\/strong><br>(19.5 x 5 cm)<br>A l&rsquo;unit\u00e9 :  5,00 \u20ac<br>Lot de 3 au choix :  12,00 \u20ac<\/p>\n<\/div>\n<\/div>\n<\/div>\n\n\n\n<div class=\"wp-block-column is-vertically-aligned-top is-layout-flow\">\n<figure class=\"wp-block-gallery has-nested-images columns-default is-cropped wp-block-gallery-5 is-layout-flex\">\n<figure class=\"wp-block-image size-large\"><img decoding=\"async\" loading=\"lazy\" width=\"1024\" height=\"1024\" src=\"https:\/\/7artillustration.fr\/wp-content\/uploads\/2023\/05\/348356138_779089610484657_9179118395314785091_n-1024x1024.jpg\" alt=\"\" class=\"wp-image-226\" srcset=\"https:\/\/7artillustration.fr\/wp-content\/uploads\/2023\/05\/348356138_779089610484657_9179118395314785091_n-1024x1024.jpg 1024w, https:\/\/7artillustration.fr\/wp-content\/uploads\/2023\/05\/348356138_779089610484657_9179118395314785091_n-300x300.jpg 300w, https:\/\/7artillustration.fr\/wp-content\/uploads\/2023\/05\/348356138_779089610484657_9179118395314785091_n-150x150.jpg 150w, https:\/\/7artillustration.fr\/wp-content\/uploads\/2023\/05\/348356138_779089610484657_9179118395314785091_n-768x768.jpg 768w, https:\/\/7artillustration.fr\/wp-content\/uploads\/2023\/05\/348356138_779089610484657_9179118395314785091_n-1536x1536.jpg 1536w, https:\/\/7artillustration.fr\/wp-content\/uploads\/2023\/05\/348356138_779089610484657_9179118395314785091_n-2048x2048.jpg 2048w\" sizes=\"(max-width: 1024px) 100vw, 1024px\" \/><\/figure>\n\n\n\n<figure class=\"wp-block-image size-large\"><img decoding=\"async\" loading=\"lazy\" width=\"832\" height=\"1024\" src=\"https:\/\/7artillustration.fr\/wp-content\/uploads\/2023\/08\/MP2-832x1024.jpg\" alt=\"\" class=\"wp-image-304\" srcset=\"https:\/\/7artillustration.fr\/wp-content\/uploads\/2023\/08\/MP2-832x1024.jpg 832w, https:\/\/7artillustration.fr\/wp-content\/uploads\/2023\/08\/MP2-244x300.jpg 244w, https:\/\/7artillustration.fr\/wp-content\/uploads\/2023\/08\/MP2-768x945.jpg 768w, https:\/\/7artillustration.fr\/wp-content\/uploads\/2023\/08\/MP2.jpg 1125w\" sizes=\"(max-width: 832px) 100vw, 832px\" \/><\/figure>\n<\/figure>\n\n\n\n<figure class=\"wp-block-gallery has-nested-images columns-default is-cropped wp-block-gallery-7 is-layout-flex\">\n<figure class=\"wp-block-image size-large\"><img decoding=\"async\" loading=\"lazy\" width=\"1024\" height=\"785\" src=\"https:\/\/7artillustration.fr\/wp-content\/uploads\/2023\/08\/Marques-Pages-Toulon-1_WIP-12-1024x785.jpg\" alt=\"\" class=\"wp-image-305\" srcset=\"https:\/\/7artillustration.fr\/wp-content\/uploads\/2023\/08\/Marques-Pages-Toulon-1_WIP-12-1024x785.jpg 1024w, https:\/\/7artillustration.fr\/wp-content\/uploads\/2023\/08\/Marques-Pages-Toulon-1_WIP-12-300x230.jpg 300w, https:\/\/7artillustration.fr\/wp-content\/uploads\/2023\/08\/Marques-Pages-Toulon-1_WIP-12-768x589.jpg 768w, https:\/\/7artillustration.fr\/wp-content\/uploads\/2023\/08\/Marques-Pages-Toulon-1_WIP-12-1536x1178.jpg 1536w, https:\/\/7artillustration.fr\/wp-content\/uploads\/2023\/08\/Marques-Pages-Toulon-1_WIP-12-2048x1571.jpg 2048w\" sizes=\"(max-width: 1024px) 100vw, 1024px\" \/><\/figure>\n<\/figure>\n\n\n\n<ul>\n<li>La Mitre &#8211; Toulon  <em>(ref. 7001)<\/em><\/li>\n\n\n\n<li>Les Halles &#8211; Toulon  <em>(ref. 7002)<\/em><\/li>\n\n\n\n<li>Place de la Libert\u00e9 &#8211; Toulon   <em>(ref. 7003)<\/em><\/li>\n\n\n\n<li>Anse M\u00e9jean &#8211; Toulon   <em>(ref. 7004)<\/em><\/li>\n\n\n\n<li>Mont Faron &#8211; Toulon   <em>(ref. 7005)<\/em><\/li>\n<\/ul>\n\n\n\n<figure class=\"wp-block-gallery has-nested-images columns-default is-cropped wp-block-gallery-9 is-layout-flex\">\n<figure class=\"wp-block-image size-large\"><img decoding=\"async\" loading=\"lazy\" width=\"1024\" height=\"788\" src=\"https:\/\/7artillustration.fr\/wp-content\/uploads\/2023\/08\/Marques-Pages-Toulon-2_Final-CR-1-1024x788.jpg\" alt=\"\" class=\"wp-image-307\" srcset=\"https:\/\/7artillustration.fr\/wp-content\/uploads\/2023\/08\/Marques-Pages-Toulon-2_Final-CR-1-1024x788.jpg 1024w, https:\/\/7artillustration.fr\/wp-content\/uploads\/2023\/08\/Marques-Pages-Toulon-2_Final-CR-1-300x231.jpg 300w, https:\/\/7artillustration.fr\/wp-content\/uploads\/2023\/08\/Marques-Pages-Toulon-2_Final-CR-1-768x591.jpg 768w, https:\/\/7artillustration.fr\/wp-content\/uploads\/2023\/08\/Marques-Pages-Toulon-2_Final-CR-1-1536x1181.jpg 1536w, https:\/\/7artillustration.fr\/wp-content\/uploads\/2023\/08\/Marques-Pages-Toulon-2_Final-CR-1-2048x1575.jpg 2048w\" sizes=\"(max-width: 1024px) 100vw, 1024px\" \/><\/figure>\n<\/figure>\n\n\n\n<ul>\n<li>Mourillon &#8211; Toulon  <em>(ref. 7006)<\/em><\/li>\n\n\n\n<li>L&rsquo;Almanarre &#8211; Hy\u00e8res <em>(ref. 7007)<\/em><\/li>\n\n\n\n<li>Le Port &#8211; Toulon   <em>(ref. 7008)<\/em><\/li>\n\n\n\n<li>Sanary-sur-Mer &#8211; Var <em>(ref. 7009)<\/em><\/li>\n\n\n\n<li>Ollioules &#8211; Var <em>(ref. 7010)<\/em><\/li>\n<\/ul>\n\n\n\n<div style=\"height:100px\" aria-hidden=\"true\" class=\"wp-block-spacer\"><\/div>\n<\/div>\n<\/div>\n\n\n\n<h1 class=\"wp-block-heading\"><strong>Provence<\/strong> <strong><em>(Marque &#8211; Pages)<\/em><\/strong><\/h1>\n\n\n\n<div class=\"wp-block-columns alignwide are-vertically-aligned-top is-layout-flex wp-container-20\">\n<div class=\"wp-block-column is-vertically-aligned-top is-layout-flow\">\n<div class=\"wp-block-group wp-container-content-14 is-vertical is-content-justification-left is-nowrap is-layout-flex wp-container-15\" style=\"margin-top:0;margin-bottom:0\">\n<div class=\"wp-block-group is-vertical is-nowrap is-layout-flex wp-container-13\">\n<figure class=\"wp-block-image size-large\"><img decoding=\"async\" loading=\"lazy\" width=\"838\" height=\"1024\" src=\"https:\/\/7artillustration.fr\/wp-content\/uploads\/2023\/08\/MP3-838x1024.jpg\" alt=\"\" class=\"wp-image-308\" srcset=\"https:\/\/7artillustration.fr\/wp-content\/uploads\/2023\/08\/MP3-838x1024.jpg 838w, https:\/\/7artillustration.fr\/wp-content\/uploads\/2023\/08\/MP3-245x300.jpg 245w, https:\/\/7artillustration.fr\/wp-content\/uploads\/2023\/08\/MP3-768x939.jpg 768w, https:\/\/7artillustration.fr\/wp-content\/uploads\/2023\/08\/MP3-1256x1536.jpg 1256w, https:\/\/7artillustration.fr\/wp-content\/uploads\/2023\/08\/MP3-1675x2048.jpg 1675w\" sizes=\"(max-width: 838px) 100vw, 838px\" \/><\/figure>\n\n\n\n<p class=\"has-medium-font-size\"><strong>Marque-pages Made in Toulon<\/strong><br>(19.5 x 5 cm)<br>A l&rsquo;unit\u00e9 :  5,00 \u20ac<br>Lot de 3 au choix :  12,00 \u20ac<\/p>\n<\/div>\n<\/div>\n<\/div>\n\n\n\n<div class=\"wp-block-column is-vertically-aligned-top is-layout-flow\">\n<figure class=\"wp-block-gallery has-nested-images columns-default is-cropped wp-block-gallery-17 is-layout-flex\">\n<figure class=\"wp-block-image size-large\"><img decoding=\"async\" loading=\"lazy\" width=\"1024\" height=\"788\" src=\"https:\/\/7artillustration.fr\/wp-content\/uploads\/2023\/08\/Marques-Page-Toulon_3-Artisanat-Provence_FINAL-1024x788.jpg\" alt=\"\" class=\"wp-image-309\" srcset=\"https:\/\/7artillustration.fr\/wp-content\/uploads\/2023\/08\/Marques-Page-Toulon_3-Artisanat-Provence_FINAL-1024x788.jpg 1024w, https:\/\/7artillustration.fr\/wp-content\/uploads\/2023\/08\/Marques-Page-Toulon_3-Artisanat-Provence_FINAL-300x231.jpg 300w, https:\/\/7artillustration.fr\/wp-content\/uploads\/2023\/08\/Marques-Page-Toulon_3-Artisanat-Provence_FINAL-768x591.jpg 768w, https:\/\/7artillustration.fr\/wp-content\/uploads\/2023\/08\/Marques-Page-Toulon_3-Artisanat-Provence_FINAL-1536x1181.jpg 1536w, https:\/\/7artillustration.fr\/wp-content\/uploads\/2023\/08\/Marques-Page-Toulon_3-Artisanat-Provence_FINAL-2048x1575.jpg 2048w\" sizes=\"(max-width: 1024px) 100vw, 1024px\" \/><\/figure>\n<\/figure>\n\n\n\n<ul>\n<li>In Vino Veritas &#8211; Provence <em>(ref. 7011)<\/em><\/li>\n\n\n\n<li>Le Temps des Lavandes &#8211; Provence <em>(ref. 7012)<\/em><\/li>\n\n\n\n<li>Un Zest de Provence   <em>(ref. 7013)<\/em><\/li>\n\n\n\n<li>Le Chant des Cigales &#8211; Provence <em>(ref. 7014)<\/em><\/li>\n\n\n\n<li>Provence  <em>(ref. 7015)<\/em><\/li>\n<\/ul>\n<\/div>\n<\/div>\n\n\n\n<div style=\"height:100px\" aria-hidden=\"true\" class=\"wp-block-spacer\"><\/div>\n\n\n\n<h1 class=\"wp-block-heading\"><strong>Toulon (Cartes Postales)<\/strong><\/h1>\n\n\n\n<div class=\"wp-block-columns alignwide are-vertically-aligned-top is-layout-flex wp-container-28\">\n<div class=\"wp-block-column is-vertically-aligned-top is-layout-flow\">\n<div class=\"wp-block-group wp-container-content-22 is-vertical is-content-justification-left is-nowrap is-layout-flex wp-container-23\" style=\"margin-top:0;margin-bottom:0\">\n<div class=\"wp-block-group is-vertical is-nowrap is-layout-flex wp-container-21\">\n<p class=\"has-medium-font-size\"><strong>T\u00e9l\u00e9ph\u00e9rique du Mont Faron<\/strong> &#8211; Toulon <em>(carte postale)<\/em><br><em>ref. 7016 <\/em> <\/p>\n\n\n\n<p class=\"has-medium-font-size\">(18 x 10.5 cm)<br>6,00 \u20ac<\/p>\n\n\n\n<figure class=\"wp-block-image size-large\"><img decoding=\"async\" loading=\"lazy\" width=\"1024\" height=\"576\" src=\"https:\/\/7artillustration.fr\/wp-content\/uploads\/2023\/05\/Watermark--1024x576.jpg\" alt=\"\" class=\"wp-image-232\" srcset=\"https:\/\/7artillustration.fr\/wp-content\/uploads\/2023\/05\/Watermark--1024x576.jpg 1024w, https:\/\/7artillustration.fr\/wp-content\/uploads\/2023\/05\/Watermark--300x169.jpg 300w, https:\/\/7artillustration.fr\/wp-content\/uploads\/2023\/05\/Watermark--768x432.jpg 768w, https:\/\/7artillustration.fr\/wp-content\/uploads\/2023\/05\/Watermark--1536x864.jpg 1536w, https:\/\/7artillustration.fr\/wp-content\/uploads\/2023\/05\/Watermark--2048x1152.jpg 2048w\" sizes=\"(max-width: 1024px) 100vw, 1024px\" \/><\/figure>\n<\/div>\n<\/div>\n<\/div>\n\n\n\n<div class=\"wp-block-column is-vertically-aligned-top is-layout-flow\">\n<p><\/p>\n\n\n\n<figure class=\"wp-block-gallery has-nested-images columns-default is-cropped wp-block-gallery-25 is-layout-flex\">\n<figure class=\"wp-block-image size-large is-style-default\"><img decoding=\"async\" loading=\"lazy\" width=\"1024\" height=\"812\" src=\"https:\/\/7artillustration.fr\/wp-content\/uploads\/2023\/05\/MU-1024x812.jpg\" alt=\"\" class=\"wp-image-233\" srcset=\"https:\/\/7artillustration.fr\/wp-content\/uploads\/2023\/05\/MU-1024x812.jpg 1024w, https:\/\/7artillustration.fr\/wp-content\/uploads\/2023\/05\/MU-300x238.jpg 300w, https:\/\/7artillustration.fr\/wp-content\/uploads\/2023\/05\/MU-768x609.jpg 768w, https:\/\/7artillustration.fr\/wp-content\/uploads\/2023\/05\/MU-1536x1218.jpg 1536w, https:\/\/7artillustration.fr\/wp-content\/uploads\/2023\/05\/MU-2048x1625.jpg 2048w\" sizes=\"(max-width: 1024px) 100vw, 1024px\" \/><\/figure>\n<\/figure>\n<\/div>\n<\/div>\n\n\n\n<div class=\"wp-block-columns alignwide are-vertically-aligned-top is-layout-flex wp-container-36\">\n<div class=\"wp-block-column is-vertically-aligned-top is-layout-flow\">\n<div class=\"wp-block-group wp-container-content-30 is-vertical is-content-justification-left is-nowrap is-layout-flex wp-container-31\" style=\"margin-top:0;margin-bottom:0\">\n<div class=\"wp-block-group is-vertical is-nowrap is-layout-flex wp-container-29\">\n<p class=\"has-medium-font-size\"><strong>Rue des Arts<\/strong> &#8211; Toulon <em>(carte postale)<\/em><br><em>ref. 701<\/em>7<\/p>\n\n\n\n<p class=\"has-medium-font-size\">(15 x 10.5 cm)<br>7,00 \u20ac<\/p>\n\n\n\n<figure class=\"wp-block-image size-large is-resized\"><img decoding=\"async\" loading=\"lazy\" src=\"https:\/\/7artillustration.fr\/wp-content\/uploads\/2023\/05\/Watermark-721x1024.jpg\" alt=\"\" class=\"wp-image-234\" width=\"361\" height=\"512\" srcset=\"https:\/\/7artillustration.fr\/wp-content\/uploads\/2023\/05\/Watermark-721x1024.jpg 721w, https:\/\/7artillustration.fr\/wp-content\/uploads\/2023\/05\/Watermark-211x300.jpg 211w, https:\/\/7artillustration.fr\/wp-content\/uploads\/2023\/05\/Watermark-768x1090.jpg 768w, https:\/\/7artillustration.fr\/wp-content\/uploads\/2023\/05\/Watermark-1082x1536.jpg 1082w, https:\/\/7artillustration.fr\/wp-content\/uploads\/2023\/05\/Watermark.jpg 1437w\" sizes=\"(max-width: 361px) 100vw, 361px\" \/><\/figure>\n<\/div>\n<\/div>\n<\/div>\n\n\n\n<div class=\"wp-block-column is-vertically-aligned-top is-layout-flow\">\n<p><\/p>\n\n\n\n<figure class=\"wp-block-gallery has-nested-images columns-default is-cropped wp-block-gallery-33 is-layout-flex\">\n<figure class=\"wp-block-image size-large is-style-default\"><img decoding=\"async\" loading=\"lazy\" width=\"1024\" height=\"1024\" src=\"https:\/\/7artillustration.fr\/wp-content\/uploads\/2023\/05\/MU-3-1024x1024.jpg\" alt=\"\" class=\"wp-image-235\" srcset=\"https:\/\/7artillustration.fr\/wp-content\/uploads\/2023\/05\/MU-3-1024x1024.jpg 1024w, https:\/\/7artillustration.fr\/wp-content\/uploads\/2023\/05\/MU-3-300x300.jpg 300w, https:\/\/7artillustration.fr\/wp-content\/uploads\/2023\/05\/MU-3-150x150.jpg 150w, https:\/\/7artillustration.fr\/wp-content\/uploads\/2023\/05\/MU-3-768x768.jpg 768w, https:\/\/7artillustration.fr\/wp-content\/uploads\/2023\/05\/MU-3-1536x1536.jpg 1536w, https:\/\/7artillustration.fr\/wp-content\/uploads\/2023\/05\/MU-3-2048x2048.jpg 2048w\" sizes=\"(max-width: 1024px) 100vw, 1024px\" \/><\/figure>\n<\/figure>\n<\/div>\n<\/div>\n\n\n\n<div style=\"height:100px\" aria-hidden=\"true\" class=\"wp-block-spacer\"><\/div>\n","protected":false},"excerpt":{"rendered":"<p>Des illustrations qui donnent envie de voyager et d\u00e9couvrir nos r\u00e9gions et le Monde ! Une fois votre ou vos choix effectu\u00e9s, contactez-moi pour passer la commande (-&gt; rubrique \u00ab Contact \u00bb) en pr\u00e9cisant la ou les r\u00e9f\u00e9rences, le format et le nombre d\u2019illustrations que vous avez choisies. La commande [&hellip;]<\/p>\n","protected":false},"author":1,"featured_media":247,"parent":0,"menu_order":0,"comment_status":"closed","ping_status":"closed","template":"","meta":[],"_links":{"self":[{"href":"https:\/\/7artillustration.fr\/index.php?rest_route=\/wp\/v2\/pages\/140"}],"collection":[{"href":"https:\/\/7artillustration.fr\/index.php?rest_route=\/wp\/v2\/pages"}],"about":[{"href":"https:\/\/7artillustration.fr\/index.php?rest_route=\/wp\/v2\/types\/page"}],"author":[{"embeddable":true,"href":"https:\/\/7artillustration.fr\/index.php?rest_route=\/wp\/v2\/users\/1"}],"replies":[{"embeddable":true,"href":"https:\/\/7artillustration.fr\/index.php?rest_route=%2Fwp%2Fv2%2Fcomments&post=140"}],"version-history":[{"count":14,"href":"https:\/\/7artillustration.fr\/index.php?rest_route=\/wp\/v2\/pages\/140\/revisions"}],"predecessor-version":[{"id":346,"href":"https:\/\/7artillustration.fr\/index.php?rest_route=\/wp\/v2\/pages\/140\/revisions\/346"}],"wp:featuredmedia":[{"embeddable":true,"href":"https:\/\/7artillustration.fr\/index.php?rest_route=\/wp\/v2\/media\/247"}],"wp:attachment":[{"href":"https:\/\/7artillustration.fr\/index.php?rest_route=%2Fwp%2Fv2%2Fmedia&parent=140"}],"curies":[{"name":"wp","href":"https:\/\/api.w.org\/{rel}","templated":true}]}}