{"id":150,"date":"2023-05-21T23:29:09","date_gmt":"2023-05-21T21:29:09","guid":{"rendered":"https:\/\/7artillustration.fr\/?page_id=150"},"modified":"2023-08-15T22:46:07","modified_gmt":"2023-08-15T20:46:07","slug":"aviation-series-%e2%9c%88","status":"publish","type":"page","link":"https:\/\/7artillustration.fr\/?page_id=150","title":{"rendered":"AVIATION Series \u2708"},"content":{"rendered":"\n<p><em>\u00ab\u00a0Dessine-moi un mouton&#8230;.\u00a0\u00bb<\/em> \ud83d\udc11<br>Etant moi-m\u00eame un grand passionn\u00e9 d&rsquo;A\u00e9ronautique, vous trouverez ici une collection d&rsquo;illustrations sur ce th\u00e8me, class\u00e9es par cat\u00e9gories. Des cartes postales \/ Posters repr\u00e9sentant des appareils mythiques aux illustrations de sc\u00e8nes un peu plus travaill\u00e9es, si vous \u00eates passionn\u00e9s comme moi, vous trouverez votre bonheur ! <br>De plus, sachez qu&rsquo;il est aussi possible de me demander une illustration personnalis\u00e9e (livr\u00e9e ou avion sp\u00e9cifique), que ce soit pour d\u00e9corer votre a\u00e9roclub, avoir un dessin de l&rsquo;avion que vous pilotez ou pr\u00e9f\u00e9rez, ou avoir votre livr\u00e9e personnalis\u00e9e!<\/p>\n\n\n\n<p><\/p>\n\n\n\n<p>Une fois votre ou vos choix effectu\u00e9s, contactez-moi pour passer la commande (-&gt; rubrique \u00ab Contact \u00bb) en pr\u00e9cisant la ou les r\u00e9f\u00e9rences, le format et le nombre d\u2019illustrations que vous avez choisies.<\/p>\n\n\n\n<blockquote class=\"wp-block-quote\">\n<p>La commande sera envoy\u00e9e par voie postale dans un d\u00e9lais de 2 \u00e0 3 jours ouvr\u00e9s apr\u00e8s \u00e9mission de la facture et r\u00e9ception du paiement.<br>Les frais de livraisons sont inclus dans le tarif indiqu\u00e9 (sauf pour des envois hors UE).<\/p>\n\n\n\n<p>Note : les aper\u00e7us des illustrations contiennent un filigrane pour \u00e9viter qu&rsquo;elles soient copi\u00e9es \/ vol\u00e9es. Il ne sera \u00e9videmment pas sur la version finale.<\/p>\n<\/blockquote>\n\n\n\n<div style=\"height:100px\" aria-hidden=\"true\" class=\"wp-block-spacer\"><\/div>\n\n\n\n<h2 class=\"wp-block-heading has-text-align-center\">Aviation R\u00e9tro<\/h2>\n\n\n\n<div class=\"wp-block-columns alignwide are-vertically-aligned-top is-layout-flex wp-container-8\">\n<div class=\"wp-block-column is-vertically-aligned-top is-layout-flow\">\n<div class=\"wp-block-group wp-container-content-5 is-vertical is-content-justification-left is-nowrap is-layout-flex wp-container-6\" style=\"margin-top:0;margin-bottom:0\">\n<div class=\"wp-block-group is-vertical is-nowrap is-layout-flex wp-container-4\">\n<figure class=\"wp-block-image size-large is-resized\"><img decoding=\"async\" loading=\"lazy\" src=\"https:\/\/7artillustration.fr\/wp-content\/uploads\/2023\/05\/Watermark-1-1024x518.jpg\" alt=\"\" class=\"wp-image-219\" width=\"547\" height=\"277\" srcset=\"https:\/\/7artillustration.fr\/wp-content\/uploads\/2023\/05\/Watermark-1-1024x518.jpg 1024w, https:\/\/7artillustration.fr\/wp-content\/uploads\/2023\/05\/Watermark-1-300x152.jpg 300w, https:\/\/7artillustration.fr\/wp-content\/uploads\/2023\/05\/Watermark-1-768x388.jpg 768w, https:\/\/7artillustration.fr\/wp-content\/uploads\/2023\/05\/Watermark-1-1536x777.jpg 1536w, https:\/\/7artillustration.fr\/wp-content\/uploads\/2023\/05\/Watermark-1-2048x1036.jpg 2048w\" sizes=\"(max-width: 547px) 100vw, 547px\" \/><\/figure>\n\n\n\n<p><strong>Base B612 (Concept)<\/strong>  &#8211;  <em>ref. 7701<\/em><br>Format Carte Postale (19.5 x 10 cm)<br>7,00 \u20ac<br>Poster A3 (42 x 24 cm)<br>25,00 \u20ac<\/p>\n\n\n\n<div style=\"height:100px\" aria-hidden=\"true\" class=\"wp-block-spacer\"><\/div>\n\n\n\n<div class=\"wp-block-group wp-container-content-2 is-vertical is-content-justification-left is-nowrap is-layout-flex wp-container-3\" style=\"margin-top:0;margin-bottom:0\">\n<div class=\"wp-block-group is-vertical is-nowrap is-layout-flex wp-container-1\">\n<figure class=\"wp-block-image size-large is-resized\"><img decoding=\"async\" loading=\"lazy\" src=\"https:\/\/7artillustration.fr\/wp-content\/uploads\/2023\/08\/IKAROS_Caudron-St-EX_Final-CR_LowRes-1024x510.jpg\" alt=\"\" class=\"wp-image-340\" width=\"670\" height=\"333\" srcset=\"https:\/\/7artillustration.fr\/wp-content\/uploads\/2023\/08\/IKAROS_Caudron-St-EX_Final-CR_LowRes-1024x510.jpg 1024w, https:\/\/7artillustration.fr\/wp-content\/uploads\/2023\/08\/IKAROS_Caudron-St-EX_Final-CR_LowRes-300x150.jpg 300w, https:\/\/7artillustration.fr\/wp-content\/uploads\/2023\/08\/IKAROS_Caudron-St-EX_Final-CR_LowRes-768x383.jpg 768w, https:\/\/7artillustration.fr\/wp-content\/uploads\/2023\/08\/IKAROS_Caudron-St-EX_Final-CR_LowRes-1536x766.jpg 1536w, https:\/\/7artillustration.fr\/wp-content\/uploads\/2023\/08\/IKAROS_Caudron-St-EX_Final-CR_LowRes.jpg 1567w\" sizes=\"(max-width: 670px) 100vw, 670px\" \/><\/figure>\n\n\n\n<p><strong>CAUDRON Simoun C630<\/strong> \u00ab\u00a0F-ANRY &#8211; Saint-Exup\u00e9ry\u00a0\u00bb (Carte Aviation) &#8211;  <em>ref. 7702<\/em><br>Format Carte (10 x 20.5 cm)<br>7,00 \u20ac<\/p>\n<\/div>\n<\/div>\n<\/div>\n\n\n\n<div style=\"height:100px\" aria-hidden=\"true\" class=\"wp-block-spacer\"><\/div>\n<\/div>\n<\/div>\n<\/div>\n\n\n\n<h2 class=\"wp-block-heading has-text-align-center\">H\u00e9licopt\u00e8res<\/h2>\n\n\n\n<div class=\"wp-block-columns alignwide are-vertically-aligned-top is-layout-flex wp-container-16\">\n<div class=\"wp-block-column is-vertically-aligned-top is-layout-flow\">\n<div class=\"wp-block-group wp-container-content-10 is-vertical is-content-justification-left is-nowrap is-layout-flex wp-container-11\" style=\"margin-top:0;margin-bottom:0\">\n<div class=\"wp-block-group is-vertical is-nowrap is-layout-flex wp-container-9\">\n<figure class=\"wp-block-image size-large is-resized\"><img decoding=\"async\" loading=\"lazy\" src=\"https:\/\/7artillustration.fr\/wp-content\/uploads\/2023\/05\/H160_Final-2-Watermark-1024x461.jpg\" alt=\"\" class=\"wp-image-211\" width=\"553\" height=\"248\" srcset=\"https:\/\/7artillustration.fr\/wp-content\/uploads\/2023\/05\/H160_Final-2-Watermark-1024x461.jpg 1024w, https:\/\/7artillustration.fr\/wp-content\/uploads\/2023\/05\/H160_Final-2-Watermark-300x135.jpg 300w, https:\/\/7artillustration.fr\/wp-content\/uploads\/2023\/05\/H160_Final-2-Watermark-768x346.jpg 768w, https:\/\/7artillustration.fr\/wp-content\/uploads\/2023\/05\/H160_Final-2-Watermark-1536x692.jpg 1536w, https:\/\/7artillustration.fr\/wp-content\/uploads\/2023\/05\/H160_Final-2-Watermark-2048x923.jpg 2048w\" sizes=\"(max-width: 553px) 100vw, 553px\" \/><\/figure>\n\n\n\n<p><strong>H160<\/strong>  &#8211;  <em>ref. 7703<\/em><br>Format Carte Postale (21 x 9.5 cm)<br>7,00 \u20ac<br>Poster (42 x 22.5 cm)<br>25,00 \u20ac<\/p>\n<\/div>\n<\/div>\n<\/div>\n\n\n\n<div class=\"wp-block-column is-vertically-aligned-top is-layout-flow\">\n<figure class=\"wp-block-gallery has-nested-images columns-default is-cropped wp-block-gallery-13 is-layout-flex\">\n<figure class=\"wp-block-image size-large\"><img decoding=\"async\" loading=\"lazy\" width=\"1024\" height=\"683\" src=\"https:\/\/7artillustration.fr\/wp-content\/uploads\/2023\/05\/H160_Final-2-MUk-2-1-1024x683.jpg\" alt=\"\" class=\"wp-image-217\" srcset=\"https:\/\/7artillustration.fr\/wp-content\/uploads\/2023\/05\/H160_Final-2-MUk-2-1-1024x683.jpg 1024w, https:\/\/7artillustration.fr\/wp-content\/uploads\/2023\/05\/H160_Final-2-MUk-2-1-300x200.jpg 300w, https:\/\/7artillustration.fr\/wp-content\/uploads\/2023\/05\/H160_Final-2-MUk-2-1-768x512.jpg 768w, https:\/\/7artillustration.fr\/wp-content\/uploads\/2023\/05\/H160_Final-2-MUk-2-1-1536x1024.jpg 1536w, https:\/\/7artillustration.fr\/wp-content\/uploads\/2023\/05\/H160_Final-2-MUk-2-1-2048x1366.jpg 2048w, https:\/\/7artillustration.fr\/wp-content\/uploads\/2023\/05\/H160_Final-2-MUk-2-1-360x240.jpg 360w\" sizes=\"(max-width: 1024px) 100vw, 1024px\" \/><\/figure>\n\n\n\n<figure class=\"wp-block-image size-large\"><img decoding=\"async\" loading=\"lazy\" width=\"1024\" height=\"726\" src=\"https:\/\/7artillustration.fr\/wp-content\/uploads\/2023\/05\/H160_Final-2-MUk-1-1024x726.jpg\" alt=\"\" class=\"wp-image-215\" srcset=\"https:\/\/7artillustration.fr\/wp-content\/uploads\/2023\/05\/H160_Final-2-MUk-1-1024x726.jpg 1024w, https:\/\/7artillustration.fr\/wp-content\/uploads\/2023\/05\/H160_Final-2-MUk-1-300x213.jpg 300w, https:\/\/7artillustration.fr\/wp-content\/uploads\/2023\/05\/H160_Final-2-MUk-1-768x545.jpg 768w, https:\/\/7artillustration.fr\/wp-content\/uploads\/2023\/05\/H160_Final-2-MUk-1-1536x1089.jpg 1536w, https:\/\/7artillustration.fr\/wp-content\/uploads\/2023\/05\/H160_Final-2-MUk-1-2048x1452.jpg 2048w\" sizes=\"(max-width: 1024px) 100vw, 1024px\" \/><\/figure>\n<\/figure>\n<\/div>\n<\/div>\n\n\n\n<div style=\"height:100px\" aria-hidden=\"true\" class=\"wp-block-spacer\"><\/div>\n\n\n\n<h2 class=\"wp-block-heading has-text-align-center\">Aviation de Ligne<\/h2>\n\n\n\n<div class=\"wp-block-columns alignwide are-vertically-aligned-top is-layout-flex wp-container-18\">\n<div class=\"wp-block-column is-vertically-aligned-top is-layout-flow\">\n<figure class=\"wp-block-image size-large\"><img decoding=\"async\" loading=\"lazy\" width=\"1024\" height=\"95\" src=\"https:\/\/7artillustration.fr\/wp-content\/uploads\/2023\/05\/WIP-1-1024x95.jpg\" alt=\"\" class=\"wp-image-289\" srcset=\"https:\/\/7artillustration.fr\/wp-content\/uploads\/2023\/05\/WIP-1-1024x95.jpg 1024w, https:\/\/7artillustration.fr\/wp-content\/uploads\/2023\/05\/WIP-1-300x28.jpg 300w, https:\/\/7artillustration.fr\/wp-content\/uploads\/2023\/05\/WIP-1-768x71.jpg 768w, https:\/\/7artillustration.fr\/wp-content\/uploads\/2023\/05\/WIP-1-1536x143.jpg 1536w, https:\/\/7artillustration.fr\/wp-content\/uploads\/2023\/05\/WIP-1-2048x191.jpg 2048w\" sizes=\"(max-width: 1024px) 100vw, 1024px\" \/><\/figure>\n<\/div>\n<\/div>\n\n\n\n<div style=\"height:100px\" aria-hidden=\"true\" class=\"wp-block-spacer\"><\/div>\n\n\n\n<h2 class=\"wp-block-heading has-text-align-center\">Aviation Militaire<\/h2>\n\n\n\n<div class=\"wp-block-columns alignwide are-vertically-aligned-top is-layout-flex wp-container-23\">\n<div class=\"wp-block-column is-vertically-aligned-top is-layout-flow\">\n<div class=\"wp-block-group wp-container-content-20 is-vertical is-content-justification-left is-nowrap is-layout-flex wp-container-21\" style=\"margin-top:0;margin-bottom:0\">\n<div class=\"wp-block-group is-vertical is-nowrap is-layout-flex wp-container-19\">\n<figure class=\"wp-block-image size-full is-resized\"><img decoding=\"async\" loading=\"lazy\" src=\"https:\/\/7artillustration.fr\/wp-content\/uploads\/2023\/08\/Low-res-1.png\" alt=\"\" class=\"wp-image-330\" width=\"433\" height=\"606\" srcset=\"https:\/\/7artillustration.fr\/wp-content\/uploads\/2023\/08\/Low-res-1.png 577w, https:\/\/7artillustration.fr\/wp-content\/uploads\/2023\/08\/Low-res-1-214x300.png 214w\" sizes=\"(max-width: 433px) 100vw, 433px\" \/><\/figure>\n\n\n\n<p><strong>\u00ab\u00a0A Song of Ice &amp; Fire\u00a0\u00bb<\/strong>  (EC145 \/ CL-415 Canadair SC) &#8211;  <em>ref. 7704<\/em><br>Format A4 (21 x 29.7 cm)<br>30,00 \u20ac<br>Format A3 (29.7 x 42 cm)<br>40,00 \u20ac<\/p>\n<\/div>\n<\/div>\n<\/div>\n<\/div>\n\n\n\n<div class=\"wp-block-columns alignwide are-vertically-aligned-top is-layout-flex wp-container-25\">\n<div class=\"wp-block-column is-vertically-aligned-top is-layout-flow\">\n<figure class=\"wp-block-image size-large\"><img decoding=\"async\" loading=\"lazy\" width=\"1024\" height=\"95\" src=\"https:\/\/7artillustration.fr\/wp-content\/uploads\/2023\/05\/WIP-2-1024x95.jpg\" alt=\"\" class=\"wp-image-290\" srcset=\"https:\/\/7artillustration.fr\/wp-content\/uploads\/2023\/05\/WIP-2-1024x95.jpg 1024w, https:\/\/7artillustration.fr\/wp-content\/uploads\/2023\/05\/WIP-2-300x28.jpg 300w, https:\/\/7artillustration.fr\/wp-content\/uploads\/2023\/05\/WIP-2-768x71.jpg 768w, https:\/\/7artillustration.fr\/wp-content\/uploads\/2023\/05\/WIP-2-1536x143.jpg 1536w, https:\/\/7artillustration.fr\/wp-content\/uploads\/2023\/05\/WIP-2-2048x191.jpg 2048w\" sizes=\"(max-width: 1024px) 100vw, 1024px\" \/><\/figure>\n<\/div>\n<\/div>\n\n\n\n<div style=\"height:100px\" aria-hidden=\"true\" class=\"wp-block-spacer\"><\/div>\n\n\n\n<h2 class=\"wp-block-heading has-text-align-center\">Aviation G\u00e9n\u00e9rale<\/h2>\n\n\n\n<div class=\"wp-block-columns alignwide are-vertically-aligned-top is-layout-flex wp-container-33\">\n<div class=\"wp-block-column is-vertically-aligned-top is-layout-flow\">\n<div class=\"wp-block-group wp-container-content-27 is-vertical is-content-justification-left is-nowrap is-layout-flex wp-container-28\" style=\"margin-top:0;margin-bottom:0\">\n<div class=\"wp-block-group is-vertical is-nowrap is-layout-flex wp-container-26\">\n<figure class=\"wp-block-image size-large is-resized\"><img decoding=\"async\" loading=\"lazy\" src=\"https:\/\/7artillustration.fr\/wp-content\/uploads\/2023\/08\/DuoDiscus_LowRes-1024x512.jpg\" alt=\"\" class=\"wp-image-338\" width=\"768\" height=\"384\" srcset=\"https:\/\/7artillustration.fr\/wp-content\/uploads\/2023\/08\/DuoDiscus_LowRes-1024x512.jpg 1024w, https:\/\/7artillustration.fr\/wp-content\/uploads\/2023\/08\/DuoDiscus_LowRes-300x150.jpg 300w, https:\/\/7artillustration.fr\/wp-content\/uploads\/2023\/08\/DuoDiscus_LowRes-768x384.jpg 768w, https:\/\/7artillustration.fr\/wp-content\/uploads\/2023\/08\/DuoDiscus_LowRes-1536x768.jpg 1536w, https:\/\/7artillustration.fr\/wp-content\/uploads\/2023\/08\/DuoDiscus_LowRes.jpg 1567w\" sizes=\"(max-width: 768px) 100vw, 768px\" \/><\/figure>\n\n\n\n<p><strong>Duo Discus<\/strong> (Carte Aviation) &#8211;  <em>ref. 7705<\/em><br>Format Carte (10 x 20.5 cm)<br>7,00 \u20ac<\/p>\n<\/div>\n\n\n\n<p><\/p>\n<\/div>\n\n\n\n<div class=\"wp-block-group wp-container-content-30 is-vertical is-content-justification-left is-nowrap is-layout-flex wp-container-31\" style=\"margin-top:0;margin-bottom:0\">\n<div class=\"wp-block-group is-vertical is-nowrap is-layout-flex wp-container-29\">\n<figure class=\"wp-block-image size-large is-resized\"><img decoding=\"async\" loading=\"lazy\" src=\"https:\/\/7artillustration.fr\/wp-content\/uploads\/2023\/08\/GSRU_LowRes-1024x513.jpg\" alt=\"\" class=\"wp-image-339\" width=\"768\" height=\"385\" srcset=\"https:\/\/7artillustration.fr\/wp-content\/uploads\/2023\/08\/GSRU_LowRes-1024x513.jpg 1024w, https:\/\/7artillustration.fr\/wp-content\/uploads\/2023\/08\/GSRU_LowRes-300x150.jpg 300w, https:\/\/7artillustration.fr\/wp-content\/uploads\/2023\/08\/GSRU_LowRes-768x384.jpg 768w, https:\/\/7artillustration.fr\/wp-content\/uploads\/2023\/08\/GSRU_LowRes-1536x769.jpg 1536w, https:\/\/7artillustration.fr\/wp-content\/uploads\/2023\/08\/GSRU_LowRes.jpg 1568w\" sizes=\"(max-width: 768px) 100vw, 768px\" \/><\/figure>\n\n\n\n<p><strong>DR400-120 Dauphin<\/strong> F-GSRU (Carte Aviation) &#8211;  <em>ref. 7706<\/em><br>Format Carte (10 x 20.5 cm)<br>7,00 \u20ac<\/p>\n<\/div>\n<\/div>\n<\/div>\n<\/div>\n\n\n\n<div class=\"wp-block-columns alignwide are-vertically-aligned-top is-layout-flex wp-container-35\">\n<div class=\"wp-block-column is-vertically-aligned-top is-layout-flow\">\n<figure class=\"wp-block-image size-large\"><img decoding=\"async\" loading=\"lazy\" width=\"1024\" height=\"95\" src=\"https:\/\/7artillustration.fr\/wp-content\/uploads\/2023\/05\/WIP-3-1024x95.jpg\" alt=\"\" class=\"wp-image-291\" srcset=\"https:\/\/7artillustration.fr\/wp-content\/uploads\/2023\/05\/WIP-3-1024x95.jpg 1024w, https:\/\/7artillustration.fr\/wp-content\/uploads\/2023\/05\/WIP-3-300x28.jpg 300w, https:\/\/7artillustration.fr\/wp-content\/uploads\/2023\/05\/WIP-3-768x71.jpg 768w, https:\/\/7artillustration.fr\/wp-content\/uploads\/2023\/05\/WIP-3-1536x143.jpg 1536w, https:\/\/7artillustration.fr\/wp-content\/uploads\/2023\/05\/WIP-3-2048x191.jpg 2048w\" sizes=\"(max-width: 1024px) 100vw, 1024px\" \/><\/figure>\n<\/div>\n<\/div>\n\n\n\n<div style=\"height:100px\" aria-hidden=\"true\" class=\"wp-block-spacer\"><\/div>\n","protected":false},"excerpt":{"rendered":"<p>\u00ab\u00a0Dessine-moi un mouton&#8230;.\u00a0\u00bb \ud83d\udc11Etant moi-m\u00eame un grand passionn\u00e9 d&rsquo;A\u00e9ronautique, vous trouverez ici une collection d&rsquo;illustrations sur ce th\u00e8me, class\u00e9es par cat\u00e9gories. Des cartes postales \/ Posters repr\u00e9sentant des appareils mythiques aux illustrations de sc\u00e8nes un peu plus travaill\u00e9es, si vous \u00eates passionn\u00e9s comme moi, vous trouverez votre bonheur ! De [&hellip;]<\/p>\n","protected":false},"author":1,"featured_media":181,"parent":0,"menu_order":0,"comment_status":"closed","ping_status":"closed","template":"","meta":[],"_links":{"self":[{"href":"https:\/\/7artillustration.fr\/index.php?rest_route=\/wp\/v2\/pages\/150"}],"collection":[{"href":"https:\/\/7artillustration.fr\/index.php?rest_route=\/wp\/v2\/pages"}],"about":[{"href":"https:\/\/7artillustration.fr\/index.php?rest_route=\/wp\/v2\/types\/page"}],"author":[{"embeddable":true,"href":"https:\/\/7artillustration.fr\/index.php?rest_route=\/wp\/v2\/users\/1"}],"replies":[{"embeddable":true,"href":"https:\/\/7artillustration.fr\/index.php?rest_route=%2Fwp%2Fv2%2Fcomments&post=150"}],"version-history":[{"count":18,"href":"https:\/\/7artillustration.fr\/index.php?rest_route=\/wp\/v2\/pages\/150\/revisions"}],"predecessor-version":[{"id":348,"href":"https:\/\/7artillustration.fr\/index.php?rest_route=\/wp\/v2\/pages\/150\/revisions\/348"}],"wp:featuredmedia":[{"embeddable":true,"href":"https:\/\/7artillustration.fr\/index.php?rest_route=\/wp\/v2\/media\/181"}],"wp:attachment":[{"href":"https:\/\/7artillustration.fr\/index.php?rest_route=%2Fwp%2Fv2%2Fmedia&parent=150"}],"curies":[{"name":"wp","href":"https:\/\/api.w.org\/{rel}","templated":true}]}}