{"id":157,"date":"2023-05-25T16:00:17","date_gmt":"2023-05-25T14:00:17","guid":{"rendered":"https:\/\/7artillustration.fr\/?page_id=157"},"modified":"2024-02-25T16:13:23","modified_gmt":"2024-02-25T15:13:23","slug":"adventure-series","status":"publish","type":"page","link":"https:\/\/7artillustration.fr\/?page_id=157","title":{"rendered":"ADVENTURE Series \ud83e\udded"},"content":{"rendered":"\n<p>Et si on s&rsquo;\u00e9vadait ? Ici vous trouverez des illustrations un peu plus d\u00e9paysantes voire fantaisistes &#8230;  Un appel \u00e0 la nature, \u00e0 l&rsquo;aventure, \u00e0 l&rsquo;imaginaire, aux voyages temporels et \u00e0 la d\u00e9couverte de l&rsquo;Histoire !<\/p>\n\n\n\n<p>Une fois votre ou vos choix effectu\u00e9s, contactez-moi pour passer la commande (-&gt; rubrique \u00ab Contact \u00bb) en pr\u00e9cisant la ou les r\u00e9f\u00e9rences, le format et le nombre d\u2019illustrations que vous avez choisies.<\/p>\n\n\n\n<blockquote class=\"wp-block-quote\">\n<p id=\"block-57e234a4-3c99-4100-9c9a-cfb6c7ff1a96\">La commande sera envoy\u00e9e par voie postale dans un d\u00e9lais de 2 \u00e0 3 jours ouvr\u00e9s apr\u00e8s \u00e9mission de la facture et r\u00e9ception du paiement.<br>Les frais de livraisons sont inclus dans le tarif indiqu\u00e9 (sauf pour des envois hors UE).<\/p>\n\n\n\n<p>Note : les aper\u00e7us des illustrations contiennent un filigrane pour \u00e9viter qu&rsquo;elles soient copi\u00e9es \/ vol\u00e9es. Il ne sera \u00e9videmment pas sur la version finale.<\/p>\n<\/blockquote>\n\n\n\n<div style=\"height:100px\" aria-hidden=\"true\" class=\"wp-block-spacer\"><\/div>\n\n\n\n<div class=\"wp-block-columns alignwide are-vertically-aligned-top is-layout-flex wp-container-7\">\n<div class=\"wp-block-column is-vertically-aligned-top is-layout-flow\">\n<div class=\"wp-block-group wp-container-content-1 is-vertical is-content-justification-left is-nowrap is-layout-flex wp-container-2\" style=\"margin-top:0;margin-bottom:0\">\n<figure class=\"wp-block-image size-large\"><img decoding=\"async\" loading=\"lazy\" width=\"1024\" height=\"1024\" src=\"https:\/\/7artillustration.fr\/wp-content\/uploads\/2023\/05\/Lion-Birthday-FINAL-Watermark-1024x1024.jpg\" alt=\"\" class=\"wp-image-275\" srcset=\"https:\/\/7artillustration.fr\/wp-content\/uploads\/2023\/05\/Lion-Birthday-FINAL-Watermark-1024x1024.jpg 1024w, https:\/\/7artillustration.fr\/wp-content\/uploads\/2023\/05\/Lion-Birthday-FINAL-Watermark-300x300.jpg 300w, https:\/\/7artillustration.fr\/wp-content\/uploads\/2023\/05\/Lion-Birthday-FINAL-Watermark-150x150.jpg 150w, https:\/\/7artillustration.fr\/wp-content\/uploads\/2023\/05\/Lion-Birthday-FINAL-Watermark-768x768.jpg 768w, https:\/\/7artillustration.fr\/wp-content\/uploads\/2023\/05\/Lion-Birthday-FINAL-Watermark-1536x1536.jpg 1536w, https:\/\/7artillustration.fr\/wp-content\/uploads\/2023\/05\/Lion-Birthday-FINAL-Watermark.jpg 1781w\" sizes=\"(max-width: 1024px) 100vw, 1024px\" \/><\/figure>\n\n\n\n<p><strong>Lion Warrior<\/strong> <em>ref. 7100<\/em><br>Format 21 x 21 cm<br>15,00 \u20ac<\/p>\n\n\n\n<p><em>*Possibilit\u00e9 de personnalisation de la cape (drapeau, insigne &#8230;) <\/em><br><em>+ 10 \u20ac<\/em><\/p>\n<\/div>\n<\/div>\n\n\n\n<div class=\"wp-block-column is-vertically-aligned-top is-layout-flow\">\n<figure class=\"wp-block-gallery has-nested-images columns-default is-cropped wp-block-gallery-4 is-layout-flex\">\n<figure class=\"wp-block-image size-large\"><img decoding=\"async\" loading=\"lazy\" width=\"1024\" height=\"986\" src=\"https:\/\/7artillustration.fr\/wp-content\/uploads\/2023\/05\/348356881_161127243423074_7611731671831374054_n-1-1024x986.jpg\" alt=\"\" class=\"wp-image-277\" srcset=\"https:\/\/7artillustration.fr\/wp-content\/uploads\/2023\/05\/348356881_161127243423074_7611731671831374054_n-1-1024x986.jpg 1024w, https:\/\/7artillustration.fr\/wp-content\/uploads\/2023\/05\/348356881_161127243423074_7611731671831374054_n-1-300x289.jpg 300w, https:\/\/7artillustration.fr\/wp-content\/uploads\/2023\/05\/348356881_161127243423074_7611731671831374054_n-1-768x740.jpg 768w, https:\/\/7artillustration.fr\/wp-content\/uploads\/2023\/05\/348356881_161127243423074_7611731671831374054_n-1.jpg 1061w\" sizes=\"(max-width: 1024px) 100vw, 1024px\" \/><\/figure>\n\n\n\n<figure class=\"wp-block-image size-large\"><img decoding=\"async\" loading=\"lazy\" width=\"1024\" height=\"1024\" src=\"https:\/\/7artillustration.fr\/wp-content\/uploads\/2023\/05\/Lion-Birthday-Maroc-1024x1024.jpg\" alt=\"\" class=\"wp-image-278\" srcset=\"https:\/\/7artillustration.fr\/wp-content\/uploads\/2023\/05\/Lion-Birthday-Maroc-1024x1024.jpg 1024w, https:\/\/7artillustration.fr\/wp-content\/uploads\/2023\/05\/Lion-Birthday-Maroc-300x300.jpg 300w, https:\/\/7artillustration.fr\/wp-content\/uploads\/2023\/05\/Lion-Birthday-Maroc-150x150.jpg 150w, https:\/\/7artillustration.fr\/wp-content\/uploads\/2023\/05\/Lion-Birthday-Maroc-768x768.jpg 768w, https:\/\/7artillustration.fr\/wp-content\/uploads\/2023\/05\/Lion-Birthday-Maroc-1536x1536.jpg 1536w, https:\/\/7artillustration.fr\/wp-content\/uploads\/2023\/05\/Lion-Birthday-Maroc-2048x2048.jpg 2048w\" sizes=\"(max-width: 1024px) 100vw, 1024px\" \/><\/figure>\n<\/figure>\n<\/div>\n<\/div>\n\n\n\n<div style=\"height:100px\" aria-hidden=\"true\" class=\"wp-block-spacer\"><\/div>\n\n\n\n<div class=\"wp-block-columns alignwide are-vertically-aligned-top is-layout-flex wp-container-12\">\n<div class=\"wp-block-column is-vertically-aligned-top is-layout-flow\">\n<div class=\"wp-block-group wp-container-content-8 is-vertical is-content-justification-left is-nowrap is-layout-flex wp-container-9\" style=\"margin-top:0;margin-bottom:0\">\n<figure class=\"wp-block-image size-large\"><img decoding=\"async\" loading=\"lazy\" width=\"923\" height=\"1024\" src=\"https:\/\/7artillustration.fr\/wp-content\/uploads\/2023\/05\/Watermark-1-1-923x1024.jpg\" alt=\"\" class=\"wp-image-280\" srcset=\"https:\/\/7artillustration.fr\/wp-content\/uploads\/2023\/05\/Watermark-1-1-923x1024.jpg 923w, https:\/\/7artillustration.fr\/wp-content\/uploads\/2023\/05\/Watermark-1-1-271x300.jpg 271w, https:\/\/7artillustration.fr\/wp-content\/uploads\/2023\/05\/Watermark-1-1-768x852.jpg 768w, https:\/\/7artillustration.fr\/wp-content\/uploads\/2023\/05\/Watermark-1-1-1385x1536.jpg 1385w, https:\/\/7artillustration.fr\/wp-content\/uploads\/2023\/05\/Watermark-1-1.jpg 1405w\" sizes=\"(max-width: 923px) 100vw, 923px\" \/><\/figure>\n\n\n\n<p><strong>Arena Fighter<\/strong> <em>ref. 7101<\/em><br>Format Mini Poster :  21 x 23 cm<br>15,00 \u20ac<\/p>\n<\/div>\n<\/div>\n\n\n\n<div class=\"wp-block-column is-vertically-aligned-top is-layout-flow\">\n<figure class=\"wp-block-image size-large\"><img decoding=\"async\" loading=\"lazy\" width=\"1024\" height=\"815\" src=\"https:\/\/7artillustration.fr\/wp-content\/uploads\/2023\/05\/MU-4-1024x815.jpg\" alt=\"\" class=\"wp-image-281\" srcset=\"https:\/\/7artillustration.fr\/wp-content\/uploads\/2023\/05\/MU-4-1024x815.jpg 1024w, https:\/\/7artillustration.fr\/wp-content\/uploads\/2023\/05\/MU-4-300x239.jpg 300w, https:\/\/7artillustration.fr\/wp-content\/uploads\/2023\/05\/MU-4-768x611.jpg 768w, https:\/\/7artillustration.fr\/wp-content\/uploads\/2023\/05\/MU-4-1536x1222.jpg 1536w, https:\/\/7artillustration.fr\/wp-content\/uploads\/2023\/05\/MU-4-2048x1630.jpg 2048w\" sizes=\"(max-width: 1024px) 100vw, 1024px\" \/><\/figure>\n<\/div>\n<\/div>\n\n\n\n<div style=\"height:100px\" aria-hidden=\"true\" class=\"wp-block-spacer\"><\/div>\n","protected":false},"excerpt":{"rendered":"<p>Et si on s&rsquo;\u00e9vadait ? Ici vous trouverez des illustrations un peu plus d\u00e9paysantes voire fantaisistes &#8230; Un appel \u00e0 la nature, \u00e0 l&rsquo;aventure, \u00e0 l&rsquo;imaginaire, aux voyages temporels et \u00e0 la d\u00e9couverte de l&rsquo;Histoire ! Une fois votre ou vos choix effectu\u00e9s, contactez-moi pour passer la commande (-&gt; rubrique [&hellip;]<\/p>\n","protected":false},"author":1,"featured_media":263,"parent":0,"menu_order":0,"comment_status":"closed","ping_status":"closed","template":"","meta":[],"_links":{"self":[{"href":"https:\/\/7artillustration.fr\/index.php?rest_route=\/wp\/v2\/pages\/157"}],"collection":[{"href":"https:\/\/7artillustration.fr\/index.php?rest_route=\/wp\/v2\/pages"}],"about":[{"href":"https:\/\/7artillustration.fr\/index.php?rest_route=\/wp\/v2\/types\/page"}],"author":[{"embeddable":true,"href":"https:\/\/7artillustration.fr\/index.php?rest_route=\/wp\/v2\/users\/1"}],"replies":[{"embeddable":true,"href":"https:\/\/7artillustration.fr\/index.php?rest_route=%2Fwp%2Fv2%2Fcomments&post=157"}],"version-history":[{"count":15,"href":"https:\/\/7artillustration.fr\/index.php?rest_route=\/wp\/v2\/pages\/157\/revisions"}],"predecessor-version":[{"id":355,"href":"https:\/\/7artillustration.fr\/index.php?rest_route=\/wp\/v2\/pages\/157\/revisions\/355"}],"wp:featuredmedia":[{"embeddable":true,"href":"https:\/\/7artillustration.fr\/index.php?rest_route=\/wp\/v2\/media\/263"}],"wp:attachment":[{"href":"https:\/\/7artillustration.fr\/index.php?rest_route=%2Fwp%2Fv2%2Fmedia&parent=157"}],"curies":[{"name":"wp","href":"https:\/\/api.w.org\/{rel}","templated":true}]}}