{"id":99,"date":"2023-05-21T22:57:50","date_gmt":"2023-05-21T20:57:50","guid":{"rendered":"https:\/\/7artillustration.fr\/?page_id=99"},"modified":"2023-05-26T18:05:07","modified_gmt":"2023-05-26T16:05:07","slug":"hello-%f0%9f%90%ba","status":"publish","type":"page","link":"https:\/\/7artillustration.fr\/","title":{"rendered":"Hello \ud83d\udc3a"},"content":{"rendered":"\n<p>Bienvenue sur le site de 7ART Illustration.<br><\/p>\n\n\n\n<p>Un projet cr\u00e9atif \u00e0 me confier?<br>Une de mes illustrations vous int\u00e9resse?<\/p>\n\n\n\n<p>Vous \u00eates au bon endroit !<\/p>\n\n\n\n<p>Rendez-vous dans la rubrique \u00ab Contact \u00bb pour toute demande de collaboration, d\u2019achat, ou d\u2019information.<br>Vous y trouverez \u00e9galement les liens vers mes r\u00e9seaux pour suivre mon travail \ud83d\ude42<\/p>\n\n\n\n<p>Bonne visite ! \ud83d\udc4b<\/p>\n","protected":false},"excerpt":{"rendered":"<p>Bienvenue sur le site de 7ART Illustration. Un projet cr\u00e9atif \u00e0 me confier?Une de mes illustrations vous int\u00e9resse? Vous \u00eates au bon endroit ! Rendez-vous dans la rubrique \u00ab Contact \u00bb pour toute demande de collaboration, d\u2019achat, ou d\u2019information.Vous y trouverez \u00e9galement les liens vers mes r\u00e9seaux pour suivre mon [&hellip;]<\/p>\n","protected":false},"author":1,"featured_media":113,"parent":0,"menu_order":0,"comment_status":"closed","ping_status":"closed","template":"","meta":[],"_links":{"self":[{"href":"https:\/\/7artillustration.fr\/index.php?rest_route=\/wp\/v2\/pages\/99"}],"collection":[{"href":"https:\/\/7artillustration.fr\/index.php?rest_route=\/wp\/v2\/pages"}],"about":[{"href":"https:\/\/7artillustration.fr\/index.php?rest_route=\/wp\/v2\/types\/page"}],"author":[{"embeddable":true,"href":"https:\/\/7artillustration.fr\/index.php?rest_route=\/wp\/v2\/users\/1"}],"replies":[{"embeddable":true,"href":"https:\/\/7artillustration.fr\/index.php?rest_route=%2Fwp%2Fv2%2Fcomments&post=99"}],"version-history":[{"count":2,"href":"https:\/\/7artillustration.fr\/index.php?rest_route=\/wp\/v2\/pages\/99\/revisions"}],"predecessor-version":[{"id":101,"href":"https:\/\/7artillustration.fr\/index.php?rest_route=\/wp\/v2\/pages\/99\/revisions\/101"}],"wp:featuredmedia":[{"embeddable":true,"href":"https:\/\/7artillustration.fr\/index.php?rest_route=\/wp\/v2\/media\/113"}],"wp:attachment":[{"href":"https:\/\/7artillustration.fr\/index.php?rest_route=%2Fwp%2Fv2%2Fmedia&parent=99"}],"curies":[{"name":"wp","href":"https:\/\/api.w.org\/{rel}","templated":true}]}}